{"id":2015,"date":"2021-11-15T20:43:27","date_gmt":"2021-11-15T17:43:27","guid":{"rendered":"https:\/\/citytorn.cityduo.ee\/hoonest\/"},"modified":"2026-01-02T12:46:34","modified_gmt":"2026-01-02T09:46:34","slug":"city-torn","status":"publish","type":"page","link":"https:\/\/citytorn.reterra.ee\/en\/from-the-building\/city-torn\/","title":{"rendered":"City Torn"},"content":{"rendered":"\n    <div id=\"building-header-block-block_b54748afa8b19586ab6294c8a74454fe\" class=\"building-header-block\">\n                    <div class=\"house-links\">\n                <div class=\"container\">\n                    <p>Choose the building<\/p>\n                    <div class=\"list d-flex flex-wrap justify-content-center chap\">\n                                                                                <a class=\" active\" href=\"https:\/\/citytorn.reterra.ee\/en\/from-the-building\/city-torn\/\">City Torn<\/a>\n                                            <\/div>\n                <\/div>\n            <\/div>\n                <div class=\"container\">\n            <div class=\"image_container d-flex justify-content-center w100\">\n                <div class=\"image_wrapper\">\n                    <img decoding=\"async\" loading=\"lazy\" class=\"no-lazy\" src=\"https:\/\/citytorn.reterra.ee\/wp-content\/uploads\/2025\/03\/Group-7.png\" width=\"220\" height=\"346\" alt=\"\">\n                    \n                                            <div class=\"points\">\n                                                                                            <div class=\"point active\" data-side=\"left\" data-key=\"0\">\n                                    <div class=\"text_container\">\n                                        <div class=\"text_wrapper\">\n                                            <p class=\"point_title chap\">City Torn<\/p>\n\n                                                                                            <p class=\"point_text\">Alevi 3<\/p>\n                                            \n                                                                                            <p class=\"status\">THE BUILDING IS READY!<\/p>\n                                                                                    <\/div>\n                                    <\/div>\n                                    <div class=\"line_diagonal\"><\/div>\n                                <\/div>\n                                <style>\n                                    #building-header-block-block_b54748afa8b19586ab6294c8a74454fe .point[data-key=\"0\"]{\n                                        top: 23.6%;\n                                        left: 0.4%;\n                                    }\n                                    @media only screen and (max-width: 991px) {\n                                        #building-header-block-block_b54748afa8b19586ab6294c8a74454fe .point[data-key=\"0\"]{\n                                            top: 0.3%;\n                                            left: 51%;\n                                        }\n                                    }\n                                <\/style>\n                                                    <\/div>\n                                    <\/div>\n            <\/div>\n        <\/div>\n    <\/div>\n\n\n\n    <div id=\"building-list-block-block_193198f87549951f0893a4312ec2f954\" class=\"building-list-block\">\n        <div class=\"container\">\n            \n            <div class=\"row justify-content-lg-between justify-content-center fade-in-up\">\n                                                        <div class=\"icon col col-md-auto col-6 d-flex flex-column\">\n                        <div class=\"image_container d-flex justify-content-center align-items-center\">\n                                                            <p class=\"chap\">12<\/p>\n                                                    <\/div>\n                        <div class=\"text_wrapper\">\n                            <p>storey<br \/>\r\nresidential building<\/p>\n                        <\/div>\n                    <\/div>\n                                                        <div class=\"icon col col-md-auto col-6 d-flex flex-column\">\n                        <div class=\"image_container d-flex justify-content-center align-items-center\">\n                                                            <p class=\"chap\">32<\/p>\n                                                    <\/div>\n                        <div class=\"text_wrapper\">\n                            <p>apartments<\/p>\n                        <\/div>\n                    <\/div>\n                                                        <div class=\"icon col col-md-auto col-6 d-flex flex-column\">\n                        <div class=\"image_container d-flex justify-content-center align-items-center\">\n                                                            <p class=\"chap\">2-4<\/p>\n                                                    <\/div>\n                        <div class=\"text_wrapper\">\n                            <p>room<br \/>\r\napartments<\/p>\n                        <\/div>\n                    <\/div>\n                                                        <div class=\"icon col col-md-auto col-6 d-flex flex-column\">\n                        <div class=\"image_container d-flex justify-content-center align-items-center\">\n                                                            <img decoding=\"async\" loading=\"lazy\" src=\"https:\/\/citytorn.reterra.ee\/wp-content\/uploads\/2025\/03\/uuid-bbdeb14b-f54f-4fb5-ac81-5d40f72b6a38.svg\" width=\"56\" height=\"56\" alt=\"\" \/>\n                                                    <\/div>\n                        <div class=\"text_wrapper\">\n                            <p>Luxury <br \/>\r\npenthouses on <br \/>\r\nupper floors<\/p>\n                        <\/div>\n                    <\/div>\n                                                        <div class=\"icon col col-md-auto col-6 d-flex flex-column\">\n                        <div class=\"image_container d-flex justify-content-center align-items-center\">\n                                                            <img decoding=\"async\" loading=\"lazy\" src=\"https:\/\/citytorn.reterra.ee\/wp-content\/uploads\/2025\/03\/uuid-de98f255-9a18-41ef-80bc-6988c9c225bf.svg\" width=\"56\" height=\"56\" alt=\"\" \/>\n                                                    <\/div>\n                        <div class=\"text_wrapper\">\n                            <p>fenced yard<br \/>\r\nwith rising barrier<\/p>\n                        <\/div>\n                    <\/div>\n                                                        <div class=\"icon col col-md-auto col-6 d-flex flex-column\">\n                        <div class=\"image_container d-flex justify-content-center align-items-center\">\n                                                            <img decoding=\"async\" loading=\"lazy\" src=\"https:\/\/citytorn.reterra.ee\/wp-content\/uploads\/2025\/03\/uuid-974adc0c-4b87-4209-bf14-6a5bc270a13d.svg\" width=\"56\" height=\"56\" alt=\"\" \/>\n                                                    <\/div>\n                        <div class=\"text_wrapper\">\n                            <p>underground<br \/>\r\nheated<br \/>\r\nparking<\/p>\n                        <\/div>\n                    <\/div>\n                                                        <div class=\"icon col col-md-auto col-6 d-flex flex-column\">\n                        <div class=\"image_container d-flex justify-content-center align-items-center\">\n                                                            <img decoding=\"async\" loading=\"lazy\" src=\"https:\/\/citytorn.reterra.ee\/wp-content\/uploads\/2025\/03\/uuid-1533d01b-0022-4c12-a68e-f7d014c2d552.svg\" width=\"56\" height=\"56\" alt=\"\" \/>\n                                                    <\/div>\n                        <div class=\"text_wrapper\">\n                            <p>balcony in<br \/>\r\nevery apartment<\/p>\n                        <\/div>\n                    <\/div>\n                                                        <div class=\"icon col col-md-auto col-6 d-flex flex-column\">\n                        <div class=\"image_container d-flex justify-content-center align-items-center\">\n                                                            <p class=\"chap\">B<\/p>\n                                                    <\/div>\n                        <div class=\"text_wrapper\">\n                            <p>energy class<\/p>\n                        <\/div>\n                    <\/div>\n                            <\/div>\n        <\/div>\n\n        <img decoding=\"async\" loading=\"lazy\" class=\"scroll_down\" src=\"https:\/\/citytorn.reterra.ee\/wp-content\/themes\/cityduo\/images\/scroll_down.svg\" width=\"38\" height=\"38\" alt=\"\" \/>\n    <\/div>\n\n\n\n    <div id=\"building-text-image-block-block_06e2140616d58509ce7e2a96a21adc9e\" class=\"building-text-image-block\">\n        <div class=\"container\">\n                                            <div class=\"row\">\n                    <div class=\"text col col-md-6 col-12\">\n                                                    <div class=\"text_container\">\n                                <p><strong>EXTERIOR WALLS<\/strong>: Thermo profile light facade<\/p>\n<p><strong>CEILINGS<\/strong>: Monolithic concrete slab<\/p>\n<p><strong>CEILING HEIGHTS<\/strong>: The ceilings of the apartments are approximately 2.6 meters and the wet rooms are approximately 2.2 meters<\/p>\n<p><strong>ROOF<\/strong>: Flat roof, rolled material<\/p>\n<p><strong>WINDOWS<\/strong>: PVC windows with triple glass package<\/p>\n<p><strong>WALLS BETWEEN APARTMENTS<\/strong>: Filled hollow blocks<\/p>\n<p><strong>INTERIOR WALLS<\/strong>: Plaster walls on metal frame<\/p>\n                            <\/div>\n                                            <\/div>\n                    <div class=\"image col col-md-6 col-12\">\n                                                    <div class=\"image_container fade-in-up\">\n                                <div class=\"image_wrapper\">\n                                    <img decoding=\"async\" loading=\"lazy\" src=\"https:\/\/citytorn.reterra.ee\/wp-content\/uploads\/2025\/11\/Rectangle-22-min.jpg\" width=\"690\" height=\"692\" alt=\"\" \/>\n                                <\/div>\n                                \n                                                                    <div class=\"image_text\">\n                                        <span class=\"text\">COMPLETED IN 2025<\/span>\n                                    <\/div>\n                                                            <\/div>\n                                            <\/div>\n                <\/div>\n                                            <div class=\"row flex-row-reverse\">\n                    <div class=\"text col col-md-6 col-12\">\n                                                    <div class=\"text_container\">\n                                <p><strong>FINISHING<\/strong>: The walls and ceilings of the dwelling rooms are painted, the walls and floors in the wet rooms are covered with ceramic tiles, the floors of the dwelling rooms are covered with natural veneer oak parquet<\/p>\n<p><strong>DOORS<\/strong>: The apartment has white smooth inner doors, the exterior door is wood-covered fire door<\/p>\n<p><strong>BALCONIES<\/strong>: The balconies have glass barriers on the metal frame, the floor is covered with deep-impregnated boards<\/p>\n<p><strong>HEATING SYSTEM<\/strong>: The building has central heating<\/p>\n<p><strong>VENTILATION<\/strong>: Apartment-based heat recovery ventilation system<\/p>\n                            <\/div>\n                                            <\/div>\n                    <div class=\"image col col-md-6 col-12\">\n                                                    <div class=\"image_container fade-in-up\">\n                                <div class=\"image_wrapper\">\n                                    <img decoding=\"async\" loading=\"lazy\" src=\"https:\/\/citytorn.reterra.ee\/wp-content\/uploads\/2025\/11\/Rectangle-23-min.jpg\" width=\"684\" height=\"497\" alt=\"\" \/>\n                                <\/div>\n                                \n                                                            <\/div>\n                                            <\/div>\n                <\/div>\n                    <\/div>\n    <\/div>\n\n\n\n\n\n\n\n\n\n    <div id=\"builder-architect-block-block_33716cfa4e3f87e428b717dfb7b8e377\" class=\"builder-architect-block\">\n        <div class=\"container\">\n            <div class=\"row justify-content-lg-between justify-content-center\">\n                                                        <div class=\"col col-lg-3 col-md-6 col-12 d-flex justify-content-center\">\n                        <a href=\"https:\/\/mapri.eu\/\" target=\"_blank\">\n                            <h2 class=\"fade-in-up\">BUILDER<\/h2>\n\n                            <div class=\"separator\"><\/div>\n\n                            <div class=\"logo\">\n                                                                    <img decoding=\"async\" loading=\"lazy\" src=\"https:\/\/citytorn.reterra.ee\/wp-content\/uploads\/2026\/01\/city-1.svg\" width=\"144\" height=\"38\" alt=\"\" \/>\n                                                            <\/div>\n                        <\/a>\n                    <\/div>\n                                                        <div class=\"col col-lg-3 col-md-6 col-12 d-flex justify-content-center\">\n                        <a  target=\"_blank\">\n                            <h2 class=\"fade-in-up\">ARCHITECT<\/h2>\n\n                            <div class=\"separator\"><\/div>\n\n                            <div class=\"logo\">\n                                                                    <p>QP Arhitektid<\/p>\n                                                            <\/div>\n                        <\/a>\n                    <\/div>\n                                                        <div class=\"col col-lg-3 col-md-6 col-12 d-flex justify-content-center\">\n                        <a  target=\"_blank\">\n                            <h2 class=\"fade-in-up\">INTERIOR ARCHITECTS<\/h2>\n\n                            <div class=\"separator\"><\/div>\n\n                            <div class=\"logo\">\n                                                                    <p>Liina Laisaar &#038; <br \/>\r\nMargot Rattasepp<\/p>\n                                                            <\/div>\n                        <\/a>\n                    <\/div>\n                            <\/div>\n        <\/div>\n    <\/div>\n\n\n\n    <div id=\"about-builder-block-block_4b06f7121ccf13bef7ebf775b9fa2fee\" class=\"about-builder-block\">\n        <img decoding=\"async\" loading=\"lazy\" class=\"logo\" src=\"https:\/\/citytorn.reterra.ee\/wp-content\/themes\/cityduo\/images\/Logo_header.svg\" width=\"64\" height=\"52\" alt=\"\" \/>\n\n        <div class=\"container chap\">\n\n                            <h2>ABOUT THE DEVELOPER<\/h2>\n                        \n                            <div class=\"text_wrapper\">\n                    <p>The City Torn\u2019s developer is the reliable and experienced company reterra o\u00fc, whose portfolio includes lumina homes and raadim\u00f5isa development in tartu, highly recognized woho and quarter in tallinn, tiskre \u00e4rimaja, p\u00e4hklikodu terraced houses, mustika villas, and several other sites. <\/p>\n                <\/div>\n            \n                            <a href=\"https:\/\/reterra.ee\/\" target=\"_blank\">\n                    <img decoding=\"async\" loading=\"lazy\" class=\"reterra_logo\" src=\"https:\/\/citytorn.reterra.ee\/wp-content\/uploads\/2023\/09\/Group-7704.svg\" width=\"258\" height=\"40\" alt=\"\" \/>\n                <\/a>\n                    <\/div>\n    <\/div>\n","protected":false},"excerpt":{"rendered":"","protected":false},"author":1,"featured_media":0,"parent":3555,"menu_order":0,"comment_status":"closed","ping_status":"closed","template":"","meta":[],"acf":[],"yoast_head":"<!-- This site is optimized with the Yoast SEO plugin v20.9 - https:\/\/yoast.com\/wordpress\/plugins\/seo\/ -->\n<title>City Torn - City Torn<\/title>\n<meta name=\"robots\" content=\"index, follow, max-snippet:-1, max-image-preview:large, max-video-preview:-1\" \/>\n<link rel=\"canonical\" href=\"https:\/\/citytorn.reterra.ee\/en\/from-the-building\/city-torn\/\" \/>\n<meta property=\"og:locale\" content=\"en_US\" \/>\n<meta property=\"og:type\" content=\"article\" \/>\n<meta property=\"og:title\" content=\"City Torn - City Torn\" \/>\n<meta property=\"og:url\" content=\"https:\/\/citytorn.reterra.ee\/en\/from-the-building\/city-torn\/\" \/>\n<meta property=\"og:site_name\" content=\"City Torn\" \/>\n<meta property=\"article:publisher\" content=\"https:\/\/www.facebook.com\/reterraestate\" \/>\n<meta property=\"article:modified_time\" content=\"2026-01-02T09:46:34+00:00\" \/>\n<meta property=\"og:image\" content=\"https:\/\/citytorn.reterra.ee\/wp-content\/uploads\/2024\/08\/Share-picture-2.png\" \/>\n\t<meta property=\"og:image:width\" content=\"1200\" \/>\n\t<meta property=\"og:image:height\" content=\"630\" \/>\n\t<meta property=\"og:image:type\" content=\"image\/png\" \/>\n<meta name=\"twitter:card\" content=\"summary_large_image\" \/>\n<script type=\"application\/ld+json\" class=\"yoast-schema-graph\">{\"@context\":\"https:\/\/schema.org\",\"@graph\":[{\"@type\":\"WebPage\",\"@id\":\"https:\/\/citytorn.reterra.ee\/en\/from-the-building\/city-torn\/\",\"url\":\"https:\/\/citytorn.reterra.ee\/en\/from-the-building\/city-torn\/\",\"name\":\"City Torn - City Torn\",\"isPartOf\":{\"@id\":\"https:\/\/citytorn.reterra.ee\/en\/#website\"},\"datePublished\":\"2021-11-15T17:43:27+00:00\",\"dateModified\":\"2026-01-02T09:46:34+00:00\",\"breadcrumb\":{\"@id\":\"https:\/\/citytorn.reterra.ee\/en\/from-the-building\/city-torn\/#breadcrumb\"},\"inLanguage\":\"en-US\",\"potentialAction\":[{\"@type\":\"ReadAction\",\"target\":[\"https:\/\/citytorn.reterra.ee\/en\/from-the-building\/city-torn\/\"]}]},{\"@type\":\"BreadcrumbList\",\"@id\":\"https:\/\/citytorn.reterra.ee\/en\/from-the-building\/city-torn\/#breadcrumb\",\"itemListElement\":[{\"@type\":\"ListItem\",\"position\":1,\"name\":\"Home\",\"item\":\"https:\/\/citytorn.reterra.ee\/en\/\"},{\"@type\":\"ListItem\",\"position\":2,\"name\":\"From the building\",\"item\":\"https:\/\/citytorn.reterra.ee\/en\/from-the-building\/\"},{\"@type\":\"ListItem\",\"position\":3,\"name\":\"City Torn\"}]},{\"@type\":\"WebSite\",\"@id\":\"https:\/\/citytorn.reterra.ee\/en\/#website\",\"url\":\"https:\/\/citytorn.reterra.ee\/en\/\",\"name\":\"City Torn\",\"description\":\"LUKSUSLIK VAADE LINNALE\",\"potentialAction\":[{\"@type\":\"SearchAction\",\"target\":{\"@type\":\"EntryPoint\",\"urlTemplate\":\"https:\/\/citytorn.reterra.ee\/en\/?s={search_term_string}\"},\"query-input\":\"required name=search_term_string\"}],\"inLanguage\":\"en-US\"}]}<\/script>\n<!-- \/ Yoast SEO plugin. -->","yoast_head_json":{"title":"City Torn - City Torn","robots":{"index":"index","follow":"follow","max-snippet":"max-snippet:-1","max-image-preview":"max-image-preview:large","max-video-preview":"max-video-preview:-1"},"canonical":"https:\/\/citytorn.reterra.ee\/en\/from-the-building\/city-torn\/","og_locale":"en_US","og_type":"article","og_title":"City Torn - City Torn","og_url":"https:\/\/citytorn.reterra.ee\/en\/from-the-building\/city-torn\/","og_site_name":"City Torn","article_publisher":"https:\/\/www.facebook.com\/reterraestate","article_modified_time":"2026-01-02T09:46:34+00:00","og_image":[{"width":1200,"height":630,"url":"https:\/\/citytorn.reterra.ee\/wp-content\/uploads\/2024\/08\/Share-picture-2.png","type":"image\/png"}],"twitter_card":"summary_large_image","schema":{"@context":"https:\/\/schema.org","@graph":[{"@type":"WebPage","@id":"https:\/\/citytorn.reterra.ee\/en\/from-the-building\/city-torn\/","url":"https:\/\/citytorn.reterra.ee\/en\/from-the-building\/city-torn\/","name":"City Torn - City Torn","isPartOf":{"@id":"https:\/\/citytorn.reterra.ee\/en\/#website"},"datePublished":"2021-11-15T17:43:27+00:00","dateModified":"2026-01-02T09:46:34+00:00","breadcrumb":{"@id":"https:\/\/citytorn.reterra.ee\/en\/from-the-building\/city-torn\/#breadcrumb"},"inLanguage":"en-US","potentialAction":[{"@type":"ReadAction","target":["https:\/\/citytorn.reterra.ee\/en\/from-the-building\/city-torn\/"]}]},{"@type":"BreadcrumbList","@id":"https:\/\/citytorn.reterra.ee\/en\/from-the-building\/city-torn\/#breadcrumb","itemListElement":[{"@type":"ListItem","position":1,"name":"Home","item":"https:\/\/citytorn.reterra.ee\/en\/"},{"@type":"ListItem","position":2,"name":"From the building","item":"https:\/\/citytorn.reterra.ee\/en\/from-the-building\/"},{"@type":"ListItem","position":3,"name":"City Torn"}]},{"@type":"WebSite","@id":"https:\/\/citytorn.reterra.ee\/en\/#website","url":"https:\/\/citytorn.reterra.ee\/en\/","name":"City Torn","description":"LUKSUSLIK VAADE LINNALE","potentialAction":[{"@type":"SearchAction","target":{"@type":"EntryPoint","urlTemplate":"https:\/\/citytorn.reterra.ee\/en\/?s={search_term_string}"},"query-input":"required name=search_term_string"}],"inLanguage":"en-US"}]}},"_links":{"self":[{"href":"https:\/\/citytorn.reterra.ee\/en\/wp-json\/wp\/v2\/pages\/2015"}],"collection":[{"href":"https:\/\/citytorn.reterra.ee\/en\/wp-json\/wp\/v2\/pages"}],"about":[{"href":"https:\/\/citytorn.reterra.ee\/en\/wp-json\/wp\/v2\/types\/page"}],"author":[{"embeddable":true,"href":"https:\/\/citytorn.reterra.ee\/en\/wp-json\/wp\/v2\/users\/1"}],"replies":[{"embeddable":true,"href":"https:\/\/citytorn.reterra.ee\/en\/wp-json\/wp\/v2\/comments?post=2015"}],"version-history":[{"count":61,"href":"https:\/\/citytorn.reterra.ee\/en\/wp-json\/wp\/v2\/pages\/2015\/revisions"}],"predecessor-version":[{"id":6261,"href":"https:\/\/citytorn.reterra.ee\/en\/wp-json\/wp\/v2\/pages\/2015\/revisions\/6261"}],"up":[{"embeddable":true,"href":"https:\/\/citytorn.reterra.ee\/en\/wp-json\/wp\/v2\/pages\/3555"}],"wp:attachment":[{"href":"https:\/\/citytorn.reterra.ee\/en\/wp-json\/wp\/v2\/media?parent=2015"}],"curies":[{"name":"wp","href":"https:\/\/api.w.org\/{rel}","templated":true}]}}